{"id":5,"date":"2018-10-31T13:26:43","date_gmt":"2018-10-31T13:26:43","guid":{"rendered":"http:\/\/velani-tool.ch\/?page_id=5"},"modified":"2021-10-04T11:31:00","modified_gmt":"2021-10-04T11:31:00","slug":"page-daccueil","status":"publish","type":"page","link":"http:\/\/velani-tool.ch\/","title":{"rendered":"T\u00e9l\u00e9charger l&rsquo;outil analyse pr\u00e9liminaire"},"content":{"rendered":"<p>La premi\u00e8re partie de l&rsquo;outil Velani vous permet d&rsquo;\u00e9valuer le potentiel th\u00e9orique d&rsquo;\u00e9conomie de vos entrainements \u00e9lectriques \u00e0 l&rsquo;aide d&rsquo;un fichier Excel. Le Webinaire Topmotors sur l&rsquo;outil VELANI d\u00e9crit l&rsquo;utilit\u00e9 et le fonctionnement de l&rsquo;outil en 30 minutes. Il peut \u00eatre visualis\u00e9 sur <a href=\"https:\/\/youtu.be\/2nG152f14vM\">Youtube.<\/a><\/p>\n<h2>T\u00e9l\u00e9charger<\/h2>\n<p>Pour t\u00e9l\u00e9charger l&rsquo;outil cliquez sur un des 2 points ci-dessous:<\/p>\n<span class=\"collapseomatic \" id=\"id69d1ad8900f68\"  tabindex=\"0\" title=\"T\u00e9l\u00e9charger la version avec les fichiers d&#039;aides n\u00e9cessitant une connexion internet&nbsp; (m\u00e9thode simple)\"    >T\u00e9l\u00e9charger la version avec les fichiers d'aides n\u00e9cessitant une connexion internet&nbsp; (m\u00e9thode simple)<\/span><div id=\"target-id69d1ad8900f68\" class=\"collapseomatic_content \">\n<p>Les fichiers d&rsquo;aides se trouvent sur internet. C&rsquo;est la variante la plus simple.<\/p>\n<p><a href=\"https:\/\/doc.velani-tool.ch\/14010 Outils V5_I_FR.xlsm\" data-wplink-url-error=\"true\">1. Cliquer sur ce lien&nbsp; pour t\u00e9l\u00e9charger le fichier Excel (.xlsm) [V5, 1 MB]<\/a><\/p>\n<p>Attention, certains navigateur ne permettent pas de t\u00e9l\u00e9charger directement des fichiers .xlsm. Dans ce cas cliquez avec le bouton de droite sur le lien et s\u00e9lectionnez \u00ab\u00a0enregistrez la cible du lien sous&#8230;\u00a0\u00bb<\/p>\n<p>2. Enregistrez le fichier dans un dossier de votre choix (ne pas ouvrir le fichier directement).<\/p>\n<p>3. Ouvrez le fichier et activez les macros (le code source est public et peut-\u00eatre visualis\u00e9)<\/p>\n<\/div>\n<p>ou<\/p>\n<span class=\"collapseomatic \" id=\"id69d1ad8901033\"  tabindex=\"0\" title=\"T\u00e9l\u00e9charger la version avec les fichiers d&#039;aides en local (fonctionnent sans connexion) \"    >T\u00e9l\u00e9charger la version avec les fichiers d'aides en local (fonctionnent sans connexion) <\/span><div id=\"target-id69d1ad8901033\" class=\"collapseomatic_content \">\n<p>Les fichiers d&rsquo;aides se trouvent dans le zip. L&rsquo;outil peut \u00eatre utilis\u00e9 sans connexion internet. Veuillez suivre les instructions afin de garantir le bon fonctionnement de l&rsquo;outil.<\/p>\n<ol>\n<li><a href=\"https:\/\/doc.velani-tool.ch\/14010 Outils V5_L_FR.zip\" data-wplink-url-error=\"true\">Cliquer sur ce lien pour t\u00e9l\u00e9charger le fichier zipp\u00e9 [V5, 11 MB]<\/a><\/li>\n<li>Votre navigateur devrait vous demander si vous voulez enregistrer le fichier. Choisissez l&rsquo;option \u00ab\u00a0Enregistrer sous\u00a0\u00bb.<\/li>\n<li>Enregistrer le fichier zip dans un r\u00e9pertoire (dossier) de votre choix sur votre ordinateur.<\/li>\n<li>Ouvrez le dossier contenant le fichier ZIP (pas le fichier ZIP)<\/li>\n<li>Dans ce r\u00e9pertoire , clique-droit sur le fichier ZIP, puis clique-gauche sur \u00ab\u00a0Extraire tout\u00a0\u00bb pour d\u00e9zipper le fichier Excel avec le r\u00e9pertoire contenant les fichiers d&rsquo;aide. Le fichier .xlsx doit \u00eatre dans le m\u00eame r\u00e9pertoire que le r\u00e9pertoire \u00ab\u00a0Information\u00a0\u00bb contenant les fichiers d&rsquo;aides.<\/li>\n<li>Le fichier .xlsm peut \u00eatre ouvert, les macros doivent \u00eatre activ\u00e9s (le code source est public et peut-\u00eatre visualis\u00e9).<\/li>\n<\/ol>\n<p>Ceci est une variante d&rsquo;installation, d&rsquo;autres sont possibles. La condition principale pour que l&rsquo;outil fonctionne correctement est que le dossier avec les aides \u00ab\u00a0Information\u00a0\u00bb soit dans le m\u00eame dossier que le fichier excel et soit correctement d\u00e9zipp\u00e9.<\/p>\n<\/div>\n<h2>&nbsp;<\/h2>\n<h2>T\u00e9l\u00e9charger un exemple<\/h2>\n<p>Ici vous pourrez t\u00e9l\u00e9charger un fichier Excel d&rsquo;exemple:<\/p>\n<p><a href=\"https:\/\/doc.velani-tool.ch\/14010 Outils V5_I_FR-Exemple.xlsm\" data-wplink-url-error=\"true\">Cliquez sur ce lien pour t\u00e9l\u00e9charger un exemple<\/a><\/p>\n<p>Attention, certains navigateur ne permettent pas de t\u00e9l\u00e9charger directement des fichiers .xlsm. Dans ce cas cliquez avec le bouton de droite sur le lien et s\u00e9lectionnez \u00ab\u00a0enregistrez la cible du lien sous&#8230;\u00a0\u00bb<\/p>\n<p>Pour des commentaires ou probl\u00e8me n&rsquo;h\u00e9sitez pas \u00e0 nous contacter <a href=\"https:\/\/www.planair.ch\/Bureaux\/Canton-de-Neuchatel\">https:\/\/www.planair.ch\/Bureaux\/Canton-de-Neuchatel<\/a><\/p>\n\n\n<p><\/p>\n","protected":false},"excerpt":{"rendered":"<p>La premi\u00e8re partie de l&rsquo;outil Velani vous permet d&rsquo;\u00e9valuer le potentiel th\u00e9orique d&rsquo;\u00e9conomie de vos entrainements \u00e9lectriques \u00e0 l&rsquo;aide d&rsquo;un fichier Excel. Le Webinaire Topmotors sur l&rsquo;outil VELANI d\u00e9crit l&rsquo;utilit\u00e9 et le fonctionnement de l&rsquo;outil en 30 minutes. Il peut \u00eatre visualis\u00e9 sur Youtube. T\u00e9l\u00e9charger Pour t\u00e9l\u00e9charger l&rsquo;outil cliquez sur un des 2 points ci-dessous: &#8230; <a title=\"T\u00e9l\u00e9charger l&rsquo;outil analyse pr\u00e9liminaire\" class=\"read-more\" href=\"http:\/\/velani-tool.ch\/\" aria-label=\"En savoir plus sur T\u00e9l\u00e9charger l&rsquo;outil analyse pr\u00e9liminaire\">Lire la suite<\/a><\/p>\n","protected":false},"author":1,"featured_media":0,"parent":0,"menu_order":0,"comment_status":"closed","ping_status":"closed","template":"","meta":{"jetpack_post_was_ever_published":false,"footnotes":""},"jetpack_sharing_enabled":true,"jetpack_shortlink":"https:\/\/wp.me\/PavsSf-5","_links":{"self":[{"href":"https:\/\/velani-tool.ch\/index.php?rest_route=\/wp\/v2\/pages\/5"}],"collection":[{"href":"https:\/\/velani-tool.ch\/index.php?rest_route=\/wp\/v2\/pages"}],"about":[{"href":"https:\/\/velani-tool.ch\/index.php?rest_route=\/wp\/v2\/types\/page"}],"author":[{"embeddable":true,"href":"https:\/\/velani-tool.ch\/index.php?rest_route=\/wp\/v2\/users\/1"}],"replies":[{"embeddable":true,"href":"https:\/\/velani-tool.ch\/index.php?rest_route=%2Fwp%2Fv2%2Fcomments&post=5"}],"version-history":[{"count":62,"href":"https:\/\/velani-tool.ch\/index.php?rest_route=\/wp\/v2\/pages\/5\/revisions"}],"predecessor-version":[{"id":349,"href":"https:\/\/velani-tool.ch\/index.php?rest_route=\/wp\/v2\/pages\/5\/revisions\/349"}],"wp:attachment":[{"href":"https:\/\/velani-tool.ch\/index.php?rest_route=%2Fwp%2Fv2%2Fmedia&parent=5"}],"curies":[{"name":"wp","href":"https:\/\/api.w.org\/{rel}","templated":true}]}}