{"id":342,"date":"2021-10-04T11:34:58","date_gmt":"2021-10-04T11:34:58","guid":{"rendered":"http:\/\/velani-tool.ch\/?page_id=342"},"modified":"2021-10-04T11:57:00","modified_gmt":"2021-10-04T11:57:00","slug":"analyse-de-detail","status":"publish","type":"page","link":"https:\/\/velani-tool.ch\/?page_id=342","title":{"rendered":"Analyse de d\u00e9tail"},"content":{"rendered":"\n<p>L&rsquo; \u00ab\u00a0Analyse de d\u00e9tail\u00a0\u00bb de l&rsquo;outil VELANI propose diverses \u00ab\u00a0recettes\u00a0\u00bb qui guident le responsable en charge des analyses approfondies. Cet outil est principalement destin\u00e9 aux sp\u00e9cialistes.<\/p>\n\n\n\n<h2 class=\"wp-block-heading\">T\u00e9l\u00e9charger<\/h2>\n\n\n\n<p>Pour t\u00e9l\u00e9charger l&rsquo;outil cliquez sur un des 2 points ci-dessous:<\/p>\n\n\n<span class=\"collapseomatic \" id=\"id6a01c4630dfd2\"  tabindex=\"0\" title=\"T\u00e9l\u00e9charger la version avec les fichiers d&#039;aides n\u00e9cessitant une connexion internet&nbsp; (m\u00e9thode simple)\"    >T\u00e9l\u00e9charger la version avec les fichiers d'aides n\u00e9cessitant une connexion internet&nbsp; (m\u00e9thode simple)<\/span><div id=\"target-id6a01c4630dfd2\" class=\"collapseomatic_content \">\n<p>Les fichiers d&rsquo;aides se trouvent sur internet. C&rsquo;est la variante la plus simple.<\/p>\n<p><a href=\"https:\/\/doc.velani-tool.ch\/14010 Module FA V1_I_FR.xlsm\" data-wplink-url-error=\"true\">1. Cliquer sur ce lien&nbsp; pour t\u00e9l\u00e9charger le fichier Excel (.xlsm) [V1, 3 MB]<\/a><\/p>\n<p>Attention, certains navigateur ne permettent pas de t\u00e9l\u00e9charger directement des fichiers .xlsm. Dans ce cas cliquez avec le bouton de droite sur le lien et s\u00e9lectionnez \u00ab\u00a0enregistrez la cible du lien sous&#8230;\u00a0\u00bb<\/p>\n<p>2. Enregistrez le fichier dans un dossier de votre choix (ne pas ouvrir le fichier directement).<\/p>\n<p>3. Ouvrez le fichier et activez les macros (le code source est public et peut-\u00eatre visualis\u00e9)<\/p>\n<\/div>\n\n\n\n<p>ou<\/p>\n\n\n<span class=\"collapseomatic \" id=\"id6a01c4630e0e4\"  tabindex=\"0\" title=\"T\u00e9l\u00e9charger la version avec les fichiers d&#039;aides en local (fonctionnent sans connexion) \"    >T\u00e9l\u00e9charger la version avec les fichiers d'aides en local (fonctionnent sans connexion) <\/span><div id=\"target-id6a01c4630e0e4\" class=\"collapseomatic_content \">\n<p>Les fichiers d&rsquo;aides se trouvent dans le zip. L&rsquo;outil peut \u00eatre utilis\u00e9 sans connexion internet. Veuillez suivre les instructions afin de garantir le bon fonctionnement de l&rsquo;outil.<\/p>\n<ol>\n<li><a href=\"https:\/\/doc.velani-tool.ch\/14010 Module FA V1_L_FR.zip\" data-wplink-url-error=\"true\">Cliquer sur ce lien pour t\u00e9l\u00e9charger le fichier zipp\u00e9 [V5, 13 MB]<\/a><\/li>\n<li>Votre navigateur devrait vous demander si vous voulez enregistrer le fichier. Choisissez l&rsquo;option \u00ab\u00a0Enregistrer sous\u00a0\u00bb.<\/li>\n<li>Enregistrer le fichier zip dans un r\u00e9pertoire (dossier) de votre choix sur votre ordinateur.<\/li>\n<li>Ouvrez le dossier contenant le fichier ZIP (pas le fichier ZIP)<\/li>\n<li>Dans ce r\u00e9pertoire , clique-droit sur le fichier ZIP, puis clique-gauche sur \u00ab\u00a0Extraire tout\u00a0\u00bb pour d\u00e9zipper le fichier Excel avec le r\u00e9pertoire contenant les fichiers d&rsquo;aide. Le fichier .xlsx doit \u00eatre dans le m\u00eame r\u00e9pertoire que le r\u00e9pertoire \u00ab\u00a0Information\u00a0\u00bb contenant les fichiers d&rsquo;aides.<\/li>\n<li>Le fichier .xlsm peut \u00eatre ouvert, les macros doivent \u00eatre activ\u00e9s (le code source est public et peut-\u00eatre visualis\u00e9).<\/li>\n<\/ol>\n<p>Ceci est une variante d&rsquo;installation, d&rsquo;autres sont possibles. La condition principale pour que l&rsquo;outil fonctionne correctement est que le dossier avec les aides \u00ab\u00a0Information\u00a0\u00bb soit dans le m\u00eame dossier que le fichier excel et soit correctement d\u00e9zipp\u00e9.<\/p>\n<\/div>\n\n\n\n<p><\/p>\n","protected":false},"excerpt":{"rendered":"<p>L&rsquo; \u00ab\u00a0Analyse de d\u00e9tail\u00a0\u00bb de l&rsquo;outil VELANI propose diverses \u00ab\u00a0recettes\u00a0\u00bb qui guident le responsable en charge des analyses approfondies. Cet outil est principalement destin\u00e9 aux sp\u00e9cialistes. T\u00e9l\u00e9charger Pour t\u00e9l\u00e9charger l&rsquo;outil cliquez sur un des 2 points ci-dessous: ou<\/p>\n","protected":false},"author":1,"featured_media":0,"parent":0,"menu_order":0,"comment_status":"closed","ping_status":"closed","template":"","meta":{"jetpack_post_was_ever_published":false,"footnotes":""},"jetpack_sharing_enabled":true,"jetpack_shortlink":"https:\/\/wp.me\/PavsSf-5w","_links":{"self":[{"href":"https:\/\/velani-tool.ch\/index.php?rest_route=\/wp\/v2\/pages\/342"}],"collection":[{"href":"https:\/\/velani-tool.ch\/index.php?rest_route=\/wp\/v2\/pages"}],"about":[{"href":"https:\/\/velani-tool.ch\/index.php?rest_route=\/wp\/v2\/types\/page"}],"author":[{"embeddable":true,"href":"https:\/\/velani-tool.ch\/index.php?rest_route=\/wp\/v2\/users\/1"}],"replies":[{"embeddable":true,"href":"https:\/\/velani-tool.ch\/index.php?rest_route=%2Fwp%2Fv2%2Fcomments&post=342"}],"version-history":[{"count":3,"href":"https:\/\/velani-tool.ch\/index.php?rest_route=\/wp\/v2\/pages\/342\/revisions"}],"predecessor-version":[{"id":353,"href":"https:\/\/velani-tool.ch\/index.php?rest_route=\/wp\/v2\/pages\/342\/revisions\/353"}],"wp:attachment":[{"href":"https:\/\/velani-tool.ch\/index.php?rest_route=%2Fwp%2Fv2%2Fmedia&parent=342"}],"curies":[{"name":"wp","href":"https:\/\/api.w.org\/{rel}","templated":true}]}}